{"id":2,"date":"2017-07-27T06:25:42","date_gmt":"2017-07-27T06:25:42","guid":{"rendered":"http:\/\/box2065.temp.domains\/~bondgar1\/home\/"},"modified":"2021-07-20T23:40:31","modified_gmt":"2021-07-20T21:40:31","slug":"home","status":"publish","type":"page","link":"https:\/\/bond-garden.se\/en\/","title":{"rendered":"Home"},"content":{"rendered":"<div data-elementor-type=\"wp-page\" data-elementor-id=\"2\" class=\"elementor elementor-2\">\n\t\t\t\t\t\t<section class=\"elementor-section elementor-top-section elementor-element elementor-element-249ae8af elementor-section-height-min-height elementor-section-boxed elementor-section-height-default elementor-section-items-middle\" data-id=\"249ae8af\" data-element_type=\"section\" data-e-type=\"section\" data-settings=\"{&quot;background_background&quot;:&quot;classic&quot;}\">\n\t\t\t\t\t\t\t<div class=\"elementor-background-overlay\"><\/div>\n\t\t\t\t\t\t\t<div class=\"elementor-container elementor-column-gap-no\">\n\t\t\t\t\t<div class=\"elementor-column elementor-col-100 elementor-top-column elementor-element elementor-element-6e410a7\" data-id=\"6e410a7\" data-element_type=\"column\" data-e-type=\"column\">\n\t\t\t<div class=\"elementor-widget-wrap elementor-element-populated\">\n\t\t\t\t\t\t<div class=\"elementor-element elementor-element-2075eb20 elementor-widget elementor-widget-heading\" data-id=\"2075eb20\" data-element_type=\"widget\" data-e-type=\"widget\" data-widget_type=\"heading.default\">\n\t\t\t\t<div class=\"elementor-widget-container\">\n\t\t\t\t\t<h1 class=\"elementor-heading-title elementor-size-default\">Bond-G\u00e5rden<\/h1>\t\t\t\t<\/div>\n\t\t\t\t<\/div>\n\t\t\t\t<div class=\"elementor-element elementor-element-1a5c156b elementor-widget elementor-widget-heading\" data-id=\"1a5c156b\" data-element_type=\"widget\" data-e-type=\"widget\" data-widget_type=\"heading.default\">\n\t\t\t\t<div class=\"elementor-widget-container\">\n\t\t\t\t\t<h5 class=\"elementor-heading-title elementor-size-default\">Welcome to Bond-G\u00e5rden<\/h5>\t\t\t\t<\/div>\n\t\t\t\t<\/div>\n\t\t\t\t\t<\/div>\n\t\t<\/div>\n\t\t\t\t\t<\/div>\n\t\t<\/section>\n\t\t\t\t<section class=\"elementor-section elementor-top-section elementor-element elementor-element-32bab377 elementor-section-content-middle elementor-section-boxed elementor-section-height-default elementor-section-height-default\" data-id=\"32bab377\" data-element_type=\"section\" data-e-type=\"section\" id=\"about\">\n\t\t\t\t\t\t<div class=\"elementor-container elementor-column-gap-no\">\n\t\t\t\t\t<div class=\"elementor-column elementor-col-100 elementor-top-column elementor-element elementor-element-4bc8a284\" data-id=\"4bc8a284\" data-element_type=\"column\" data-e-type=\"column\">\n\t\t\t<div class=\"elementor-widget-wrap elementor-element-populated\">\n\t\t\t\t\t\t<div class=\"elementor-element elementor-element-555e3b2 elementor-widget elementor-widget-heading\" data-id=\"555e3b2\" data-element_type=\"widget\" data-e-type=\"widget\" data-widget_type=\"heading.default\">\n\t\t\t\t<div class=\"elementor-widget-container\">\n\t\t\t\t\t<h2 class=\"elementor-heading-title elementor-size-default\">About us<\/h2>\t\t\t\t<\/div>\n\t\t\t\t<\/div>\n\t\t\t\t<section class=\"elementor-section elementor-inner-section elementor-element elementor-element-20e0ba43 elementor-section-content-middle elementor-section-boxed elementor-section-height-default elementor-section-height-default\" data-id=\"20e0ba43\" data-element_type=\"section\" data-e-type=\"section\">\n\t\t\t\t\t\t<div class=\"elementor-container elementor-column-gap-default\">\n\t\t\t\t\t<div class=\"elementor-column elementor-col-50 elementor-inner-column elementor-element elementor-element-2423c490\" data-id=\"2423c490\" data-element_type=\"column\" data-e-type=\"column\">\n\t\t\t<div class=\"elementor-widget-wrap elementor-element-populated\">\n\t\t\t\t\t\t<div class=\"elementor-element elementor-element-12502b25 elementor-widget elementor-widget-image\" data-id=\"12502b25\" data-element_type=\"widget\" data-e-type=\"widget\" data-widget_type=\"image.default\">\n\t\t\t\t<div class=\"elementor-widget-container\">\n\t\t\t\t\t\t\t\t\t\t\t\t\t\t\t<img fetchpriority=\"high\" decoding=\"async\" width=\"730\" height=\"548\" src=\"https:\/\/bond-garden.se\/wp-content\/uploads\/2021\/07\/IMG_1291-3.jpg\" class=\"attachment-full size-full wp-image-795\" alt=\"\" srcset=\"https:\/\/bond-garden.se\/wp-content\/uploads\/2021\/07\/IMG_1291-3.jpg 730w, https:\/\/bond-garden.se\/wp-content\/uploads\/2021\/07\/IMG_1291-3-300x225.jpg 300w\" sizes=\"(max-width: 730px) 100vw, 730px\" \/>\t\t\t\t\t\t\t\t\t\t\t\t\t\t\t<\/div>\n\t\t\t\t<\/div>\n\t\t\t\t\t<\/div>\n\t\t<\/div>\n\t\t\t\t<div class=\"elementor-column elementor-col-50 elementor-inner-column elementor-element elementor-element-74e5cc99\" data-id=\"74e5cc99\" data-element_type=\"column\" data-e-type=\"column\">\n\t\t\t<div class=\"elementor-widget-wrap elementor-element-populated\">\n\t\t\t\t\t\t<div class=\"elementor-element elementor-element-3861555f elementor-widget elementor-widget-text-editor\" data-id=\"3861555f\" data-element_type=\"widget\" data-e-type=\"widget\" data-widget_type=\"text-editor.default\">\n\t\t\t\t<div class=\"elementor-widget-container\">\n\t\t\t\t\t\t\t\t\t<p>Welcome to the farm. We run a 80 ha mixed arable farm located in the small Blekinge village of Ols\u00e4ng on the east coast of Sweden where the beautiful countryside combined with a warm summer climate make a rural holiday special. We are Anders and Alina who with children Henrik and Hanna (including sometimes grandparents and seasonal farm hands) run a typical arable Swedish farm operation. We currently have about 30 or so beef cattle which help to keep the pastures and meadows in a beautiful condition. We are also growing a wide range of crops such as asparagus, potatoes, strawberries, garlic, cucumbers, artichokes and sweet corn. \n\nA great deal of this organic produce is sold in our farmshop along with mainly organic crops produced by local farmers.\n\nWe also rent out a delightful cottage which is very popular, especially with families holidaying with children who (with adults!) love to be with the animals and watch the various agricultural operations, including harvesting, and hay making. <a title=\"http:\/\/vimeo.com\/46803857\" href=\"http:\/\/vimeo.com\/46803857\" target=\"_blank\" rel=\"noopener\">.<\/a> . <a title=\"Asparragus\" href=\"https:\/\/bond-garden.se\/en\/gallery_25.html\/\">.<\/a>. \u00a0 \u00a0\u00a0\u00a0\u00a0\u00a0<\/p><p>. \u00a0<\/p><p>.\u00a0<a title=\"STUGA ATT HYRA\" href=\"https:\/\/bond-garden.se\/en\/text1_2.html\/\">.<\/a>\u00a0.<\/p>\t\t\t\t\t\t\t\t<\/div>\n\t\t\t\t<\/div>\n\t\t\t\t\t<\/div>\n\t\t<\/div>\n\t\t\t\t\t<\/div>\n\t\t<\/section>\n\t\t\t\t\t<\/div>\n\t\t<\/div>\n\t\t\t\t\t<\/div>\n\t\t<\/section>\n\t\t\t\t<\/div>","protected":false},"excerpt":{"rendered":"<p>Bond-G\u00e5rden Livet v\u00e4xer p\u00e5 landet Om oss Vi \u00e4r den lilla g\u00e5rden i den lilla byn Ols\u00e4ng i det lilla l\u00e4net Blekinge l\u00e4ngst i \u00f6ster vid Kustv\u00e4gen, d\u00e4r Sverige \u00e4r som vackrast och v\u00e4dret som finast. Vi som bor och jobbar h\u00e4r \u00e4r Anders och Alina, barnen Henrik och Hanna och ibland n\u00e5gon extrahj\u00e4lp. H\u00e4r &hellip;<\/p>\n<p class=\"read-more\"> <a class=\"\" href=\"https:\/\/bond-garden.se\/en\/\"> <span class=\"screen-reader-text\">Home<\/span> Read More &raquo;<\/a><\/p>","protected":false},"author":1,"featured_media":0,"parent":0,"menu_order":0,"comment_status":"closed","ping_status":"open","template":"","meta":{"footnotes":""},"class_list":["post-2","page","type-page","status-publish","hentry"],"_links":{"self":[{"href":"https:\/\/bond-garden.se\/en\/wp-json\/wp\/v2\/pages\/2","targetHints":{"allow":["GET"]}}],"collection":[{"href":"https:\/\/bond-garden.se\/en\/wp-json\/wp\/v2\/pages"}],"about":[{"href":"https:\/\/bond-garden.se\/en\/wp-json\/wp\/v2\/types\/page"}],"author":[{"embeddable":true,"href":"https:\/\/bond-garden.se\/en\/wp-json\/wp\/v2\/users\/1"}],"replies":[{"embeddable":true,"href":"https:\/\/bond-garden.se\/en\/wp-json\/wp\/v2\/comments?post=2"}],"version-history":[{"count":6,"href":"https:\/\/bond-garden.se\/en\/wp-json\/wp\/v2\/pages\/2\/revisions"}],"predecessor-version":[{"id":920,"href":"https:\/\/bond-garden.se\/en\/wp-json\/wp\/v2\/pages\/2\/revisions\/920"}],"wp:attachment":[{"href":"https:\/\/bond-garden.se\/en\/wp-json\/wp\/v2\/media?parent=2"}],"curies":[{"name":"wp","href":"https:\/\/api.w.org\/{rel}","templated":true}]}}