{"id":601,"date":"2021-06-21T16:52:36","date_gmt":"2021-06-21T14:52:36","guid":{"rendered":"http:\/\/box2065.temp.domains\/~bondgar1\/?page_id=601"},"modified":"2026-03-13T21:41:20","modified_gmt":"2026-03-13T19:41:20","slug":"stuga","status":"publish","type":"page","link":"https:\/\/bond-garden.se\/en\/stuga\/","title":{"rendered":"Cottage"},"content":{"rendered":"<div data-elementor-type=\"wp-page\" data-elementor-id=\"601\" class=\"elementor elementor-601\">\n\t\t\t\t\t\t<section class=\"elementor-section elementor-top-section elementor-element elementor-element-ff5f8d2 elementor-section-boxed elementor-section-height-default elementor-section-height-default\" data-id=\"ff5f8d2\" data-element_type=\"section\" data-e-type=\"section\">\n\t\t\t\t\t\t<div class=\"elementor-container elementor-column-gap-default\">\n\t\t\t\t\t<div class=\"elementor-column elementor-col-50 elementor-top-column elementor-element elementor-element-cd20ac1\" data-id=\"cd20ac1\" data-element_type=\"column\" data-e-type=\"column\">\n\t\t\t<div class=\"elementor-widget-wrap elementor-element-populated\">\n\t\t\t\t\t\t<div class=\"elementor-element elementor-element-845558f elementor-widget elementor-widget-heading\" data-id=\"845558f\" data-element_type=\"widget\" data-e-type=\"widget\" data-widget_type=\"heading.default\">\n\t\t\t\t<div class=\"elementor-widget-container\">\n\t\t\t\t\t<h2 class=\"elementor-heading-title elementor-size-default\">Live on the farm<\/h2>\t\t\t\t<\/div>\n\t\t\t\t<\/div>\n\t\t\t\t<div class=\"elementor-element elementor-element-a6214b0 elementor-widget elementor-widget-heading\" data-id=\"a6214b0\" data-element_type=\"widget\" data-e-type=\"widget\" data-widget_type=\"heading.default\">\n\t\t\t\t<div class=\"elementor-widget-container\">\n\t\t\t\t\t<h2 class=\"elementor-heading-title elementor-size-large\">About<\/h2>\t\t\t\t<\/div>\n\t\t\t\t<\/div>\n\t\t\t\t<div class=\"elementor-element elementor-element-b387372 elementor-widget elementor-widget-text-editor\" data-id=\"b387372\" data-element_type=\"widget\" data-e-type=\"widget\" data-widget_type=\"text-editor.default\">\n\t\t\t\t<div class=\"elementor-widget-container\">\n\t\t\t\t\t\t\t\t\t<p>Live on a typical Swedish farm\n\nWelcome to our cottage located on the farm which is available for hire throughout the year. See animals, crops, borrow the boat and view the Baltic seals at close quarters. Ornithological activities are particularly special here because the farm and its surrounding wooded countryside lie on the main bird migration routes between the tundra regions and southern European countries and Africa. Take a picnic basket and go on a mini-safari, do a spot of bird watching along the coast and in the forested hinterland, pick blueberries in the nature reserve around Kristianopel and even look at the rock carvings in nearby Torhamn. Cycling is often the best way to mount daily expeditions off-farm on the idyllic Blekinge cycle paths. Alternatively just relax in our sauna and hot tub.<\/p><p>The cottage consists of two floors (120 square metres total area) made up of four rooms and is suitable for up to 6 persons. Downstairs there is a living room with a fireplace and TV , a bedroom with double bed and a cot for small children, modern kitchen and bathroom. Upstairs there is a bedroom with two single beds,  The living room also has a sofa bed and a balcony facing east looking out to the sea. The house is equipped with fridge\/freezer, dishwasher and a clothes washing machine, cooker and microwave oven. Towels and bed linen are included in the price. There is a verandah with a hammock, garden furniture and a barbeque. Also there is access to a rowing boat. Smoking and animals are not allowed.<\/p><p>Vedeldad bastu och badtunna som tillh\u00f6r stugan ger er h\u00e4rliga stunder i vinterkylan eller under d\u00e5liga sommardagar. Ved ing\u00e5r i priset vid vistelse l\u00e4ngre \u00e4n 2 dagar.<\/p><p>The various opportunities in the locality are<\/p><ul><li>sea swimming 600m<\/li><li>a Baltic seal colony 1 km<\/li><li>lake 10 km<\/li><li>shopping in J\u00e4mj\u00f6 with a supermarket, gas station, a well-stocked pharmacy located beside       madical doctor and dental surgeries  10 km<\/li><li>golf\u00a0 \u00a0 \u00a0 \u00a0 \u00a0 \u00a0 \u00a020km<\/li><li>historical naval dockyards in Karlskrona with its many island-hopper ferries allowing day expeditions to the unique island biodiversity reserves in the Blekinge Archipelago, a marine museum (part of the UNESCO World Heritage site)   30 km<\/li><li>Kalmar with its ancient castle 60 km<\/li><li>Store 6km<\/li><\/ul>\t\t\t\t\t\t\t\t<\/div>\n\t\t\t\t<\/div>\n\t\t\t\t\t<\/div>\n\t\t<\/div>\n\t\t\t\t<div class=\"elementor-column elementor-col-50 elementor-top-column elementor-element elementor-element-dcd7c7d\" data-id=\"dcd7c7d\" data-element_type=\"column\" data-e-type=\"column\">\n\t\t\t<div class=\"elementor-widget-wrap elementor-element-populated\">\n\t\t\t\t\t\t<div class=\"elementor-element elementor-element-4ba0e42 elementor-widget elementor-widget-image\" data-id=\"4ba0e42\" data-element_type=\"widget\" data-e-type=\"widget\" data-widget_type=\"image.default\">\n\t\t\t\t<div class=\"elementor-widget-container\">\n\t\t\t\t\t\t\t\t\t\t\t\t\t\t\t<img fetchpriority=\"high\" decoding=\"async\" width=\"1024\" height=\"768\" src=\"https:\/\/bond-garden.se\/wp-content\/uploads\/2021\/06\/20170716_133355-1024x768.jpg\" class=\"attachment-large size-large wp-image-605\" alt=\"\" srcset=\"https:\/\/bond-garden.se\/wp-content\/uploads\/2021\/06\/20170716_133355-1024x768.jpg 1024w, https:\/\/bond-garden.se\/wp-content\/uploads\/2021\/06\/20170716_133355-300x225.jpg 300w, https:\/\/bond-garden.se\/wp-content\/uploads\/2021\/06\/20170716_133355-768x576.jpg 768w, https:\/\/bond-garden.se\/wp-content\/uploads\/2021\/06\/20170716_133355.jpg 1190w\" sizes=\"(max-width: 1024px) 100vw, 1024px\" \/>\t\t\t\t\t\t\t\t\t\t\t\t\t\t\t<\/div>\n\t\t\t\t<\/div>\n\t\t\t\t\t<\/div>\n\t\t<\/div>\n\t\t\t\t\t<\/div>\n\t\t<\/section>\n\t\t\t\t<section class=\"elementor-section elementor-top-section elementor-element elementor-element-7e97674 elementor-section-boxed elementor-section-height-default elementor-section-height-default\" data-id=\"7e97674\" data-element_type=\"section\" data-e-type=\"section\">\n\t\t\t\t\t\t<div class=\"elementor-container elementor-column-gap-default\">\n\t\t\t\t\t<div class=\"elementor-column elementor-col-100 elementor-top-column elementor-element elementor-element-e64be94\" data-id=\"e64be94\" data-element_type=\"column\" data-e-type=\"column\">\n\t\t\t<div class=\"elementor-widget-wrap elementor-element-populated\">\n\t\t\t\t\t\t<div class=\"elementor-element elementor-element-b035ce5 elementor-widget elementor-widget-heading\" data-id=\"b035ce5\" data-element_type=\"widget\" data-e-type=\"widget\" data-widget_type=\"heading.default\">\n\t\t\t\t<div class=\"elementor-widget-container\">\n\t\t\t\t\t<h2 class=\"elementor-heading-title elementor-size-large\">Rent<\/h2>\t\t\t\t<\/div>\n\t\t\t\t<\/div>\n\t\t\t\t\t<\/div>\n\t\t<\/div>\n\t\t\t\t\t<\/div>\n\t\t<\/section>\n\t\t\t\t<section class=\"elementor-section elementor-top-section elementor-element elementor-element-7d1c6c5 elementor-section-boxed elementor-section-height-default elementor-section-height-default\" data-id=\"7d1c6c5\" data-element_type=\"section\" data-e-type=\"section\">\n\t\t\t\t\t\t<div class=\"elementor-container elementor-column-gap-default\">\n\t\t\t\t\t<div class=\"elementor-column elementor-col-100 elementor-top-column elementor-element elementor-element-f491067\" data-id=\"f491067\" data-element_type=\"column\" data-e-type=\"column\">\n\t\t\t<div class=\"elementor-widget-wrap elementor-element-populated\">\n\t\t\t\t\t\t<div class=\"elementor-element elementor-element-13f85b3 elementor-widget elementor-widget-text-editor\" data-id=\"13f85b3\" data-element_type=\"widget\" data-e-type=\"widget\" data-widget_type=\"text-editor.default\">\n\t\t\t\t<div class=\"elementor-widget-container\">\n\t\t\t\t\t\t\t\t\t<p>Vid veckouthyrning i h\u00f6gs\u00e4songen sker byte p\u00e5 l\u00f6rdagar med ankomst tidigast kl. 16.00. Sista dagen ska stugan l\u00e4mnas i st\u00e4dat skick senast kl. 11.00.\u00a0 Eventuell slutst\u00e4dning g\u00e5r att best\u00e4lla mot 700sek till\u00e4gg.\u00a0<\/p><p>Pris f\u00f6r dygn 1500sek (h\u00f6gs\u00e4songen bara veckovis)<\/p><p>Priser 2026 :\u00a0 v.1-24 och 35-50 \u00a05600sek<\/p><p>\u00a0 \u00a0 \u00a0 \u00a0 \u00a0 \u00a0 \u00a0 \u00a0 \u00a0 \u00a0 \u00a0 \u00a0 v.25-34 och \u00a051-52 5900sek<\/p><p>Bookings can be made via email or by phone,\u00a0<a title=\"KONTAKT, karta\" href=\"https:\/\/bond-garden.se\/en\/kontakt\/\">contact page<\/a>. An advanced deposit of 25% is chargeable with remainder of payment made on arrival.\u00a0<\/p>\t\t\t\t\t\t\t\t<\/div>\n\t\t\t\t<\/div>\n\t\t\t\t\t<\/div>\n\t\t<\/div>\n\t\t\t\t\t<\/div>\n\t\t<\/section>\n\t\t\t\t<\/div>","protected":false},"excerpt":{"rendered":"<p>Bo p\u00e5 g\u00e5rden Om V\u00e4lkommen till v\u00e5r stuga som ligger p\u00e5 g\u00e5rden och g\u00e5r att hyra under hela \u00e5ret. Se djuren,gr\u00f6dorna, l\u00e5na b\u00e5ten och upplev s\u00e4larna p\u00e5 n\u00e4ra h\u00e5ll. Ta picknickkorgen och g\u00e5 p\u00e5 myrlejonsafari, se f\u00e5glarna p\u00e5 strand\u00e4ngarna, titta p\u00e5 h\u00e4llristningarna i Torhamn. Plocka bl\u00e5b\u00e4r i naturreservatet runt Kristianopel, eller bara koppla av i &hellip;<\/p>\n<p class=\"read-more\"> <a class=\"\" href=\"https:\/\/bond-garden.se\/en\/stuga\/\"> <span class=\"screen-reader-text\">Cottage<\/span> Read More &raquo;<\/a><\/p>","protected":false},"author":1,"featured_media":0,"parent":0,"menu_order":0,"comment_status":"closed","ping_status":"closed","template":"","meta":{"footnotes":""},"class_list":["post-601","page","type-page","status-publish","hentry"],"_links":{"self":[{"href":"https:\/\/bond-garden.se\/en\/wp-json\/wp\/v2\/pages\/601","targetHints":{"allow":["GET"]}}],"collection":[{"href":"https:\/\/bond-garden.se\/en\/wp-json\/wp\/v2\/pages"}],"about":[{"href":"https:\/\/bond-garden.se\/en\/wp-json\/wp\/v2\/types\/page"}],"author":[{"embeddable":true,"href":"https:\/\/bond-garden.se\/en\/wp-json\/wp\/v2\/users\/1"}],"replies":[{"embeddable":true,"href":"https:\/\/bond-garden.se\/en\/wp-json\/wp\/v2\/comments?post=601"}],"version-history":[{"count":5,"href":"https:\/\/bond-garden.se\/en\/wp-json\/wp\/v2\/pages\/601\/revisions"}],"predecessor-version":[{"id":957,"href":"https:\/\/bond-garden.se\/en\/wp-json\/wp\/v2\/pages\/601\/revisions\/957"}],"wp:attachment":[{"href":"https:\/\/bond-garden.se\/en\/wp-json\/wp\/v2\/media?parent=601"}],"curies":[{"name":"wp","href":"https:\/\/api.w.org\/{rel}","templated":true}]}}