{"id":723,"date":"2021-06-22T16:06:18","date_gmt":"2021-06-22T14:06:18","guid":{"rendered":"http:\/\/box2065.temp.domains\/~bondgar1\/?page_id=723"},"modified":"2021-06-22T16:13:26","modified_gmt":"2021-06-22T14:13:26","slug":"gardsbutik","status":"publish","type":"page","link":"https:\/\/bond-garden.se\/en\/gardsbutik\/","title":{"rendered":"Farm shop"},"content":{"rendered":"<div data-elementor-type=\"wp-page\" data-elementor-id=\"723\" class=\"elementor elementor-723\">\n\t\t\t\t\t\t<section class=\"elementor-section elementor-top-section elementor-element elementor-element-1b7f1d0 elementor-section-boxed elementor-section-height-default elementor-section-height-default\" data-id=\"1b7f1d0\" data-element_type=\"section\" data-e-type=\"section\">\n\t\t\t\t\t\t<div class=\"elementor-container elementor-column-gap-default\">\n\t\t\t\t\t<div class=\"elementor-column elementor-col-50 elementor-top-column elementor-element elementor-element-330605d\" data-id=\"330605d\" data-element_type=\"column\" data-e-type=\"column\">\n\t\t\t<div class=\"elementor-widget-wrap elementor-element-populated\">\n\t\t\t\t\t\t<div class=\"elementor-element elementor-element-330969c elementor-widget elementor-widget-heading\" data-id=\"330969c\" data-element_type=\"widget\" data-e-type=\"widget\" data-widget_type=\"heading.default\">\n\t\t\t\t<div class=\"elementor-widget-container\">\n\t\t\t\t\t<h2 class=\"elementor-heading-title elementor-size-default\">Farm shop<\/h2>\t\t\t\t<\/div>\n\t\t\t\t<\/div>\n\t\t\t\t<div class=\"elementor-element elementor-element-56add50 elementor-widget elementor-widget-heading\" data-id=\"56add50\" data-element_type=\"widget\" data-e-type=\"widget\" data-widget_type=\"heading.default\">\n\t\t\t\t<div class=\"elementor-widget-container\">\n\t\t\t\t\t<h2 class=\"elementor-heading-title elementor-size-medium\">Welcome to our farm shop<\/h2>\t\t\t\t<\/div>\n\t\t\t\t<\/div>\n\t\t\t\t<div class=\"elementor-element elementor-element-e6d2ce9 elementor-widget elementor-widget-text-editor\" data-id=\"e6d2ce9\" data-element_type=\"widget\" data-e-type=\"widget\" data-widget_type=\"text-editor.default\">\n\t\t\t\t<div class=\"elementor-widget-container\">\n\t\t\t\t\t\t\t\t\t<p>The products in our farm shop vary throughout the seasons and consist of our own produce as well as items from other local farmers. A large amount of the produce is either certified organic or grown organically. We sell asparagus, potatoes, strawberries, carrots, onions, cucumbers, corn, honey, ice cream, eggs and more.<\/p><p>The shop is open all days of the week from  10 .00 to 21.00.\u00a0<\/p><p>Most of the time it's self-service, so bring cash if you don't have Swish.<\/p>\t\t\t\t\t\t\t\t<\/div>\n\t\t\t\t<\/div>\n\t\t\t\t\t<\/div>\n\t\t<\/div>\n\t\t\t\t<div class=\"elementor-column elementor-col-50 elementor-top-column elementor-element elementor-element-e66aa99\" data-id=\"e66aa99\" data-element_type=\"column\" data-e-type=\"column\">\n\t\t\t<div class=\"elementor-widget-wrap elementor-element-populated\">\n\t\t\t\t\t\t<div class=\"elementor-element elementor-element-1be0fb9 elementor-widget elementor-widget-image\" data-id=\"1be0fb9\" data-element_type=\"widget\" data-e-type=\"widget\" data-widget_type=\"image.default\">\n\t\t\t\t<div class=\"elementor-widget-container\">\n\t\t\t\t\t\t\t\t\t\t\t\t<figure class=\"wp-caption\">\n\t\t\t\t\t\t\t\t\t\t<img decoding=\"async\" width=\"200\" height=\"150\" src=\"https:\/\/bond-garden.se\/wp-content\/uploads\/2021\/06\/Bond-butiken.jpg\" class=\"attachment-large size-large wp-image-729\" alt=\"\" \/>\t\t\t\t\t\t\t\t\t\t\t<figcaption class=\"widget-image-caption wp-caption-text\">Bond-Butiken<\/figcaption>\n\t\t\t\t\t\t\t\t\t\t<\/figure>\n\t\t\t\t\t\t\t\t\t<\/div>\n\t\t\t\t<\/div>\n\t\t\t\t<div class=\"elementor-element elementor-element-8cd947d elementor-widget elementor-widget-image\" data-id=\"8cd947d\" data-element_type=\"widget\" data-e-type=\"widget\" data-widget_type=\"image.default\">\n\t\t\t\t<div class=\"elementor-widget-container\">\n\t\t\t\t\t\t\t\t\t\t\t\t\t\t\t<img fetchpriority=\"high\" decoding=\"async\" width=\"400\" height=\"300\" src=\"https:\/\/bond-garden.se\/wp-content\/uploads\/2021\/06\/Gronsaker.jpg\" class=\"attachment-full size-full wp-image-730\" alt=\"\" srcset=\"https:\/\/bond-garden.se\/wp-content\/uploads\/2021\/06\/Gronsaker.jpg 400w, https:\/\/bond-garden.se\/wp-content\/uploads\/2021\/06\/Gronsaker-300x225.jpg 300w\" sizes=\"(max-width: 400px) 100vw, 400px\" \/>\t\t\t\t\t\t\t\t\t\t\t\t\t\t\t<\/div>\n\t\t\t\t<\/div>\n\t\t\t\t\t<\/div>\n\t\t<\/div>\n\t\t\t\t\t<\/div>\n\t\t<\/section>\n\t\t\t\t<\/div>","protected":false},"excerpt":{"rendered":"<p>G\u00e5rdsbutik V\u00e4lkommen att bes\u00f6ka v\u00e5r g\u00e5rdsbutik V\u00e5rt sortiment varierar efter s\u00e4song och tillg\u00e5ng samt utg\u00f6rs s\u00e5v\u00e4l av egenodlade produkter som ink\u00f6p fr\u00e5n n\u00e4rliggande odlare. Stor del \u00e4r ekologisk eller obesprutat. H\u00e4r hittar du bl.a. sparris, potatis, jordgubbar, morot, l\u00f6k, v\u00e4ster\u00e5sgurka, sockermajs, bl\u00e5b\u00e4r, pumpor, honung, Ottos glass, blommor, \u00e4gg m.m. Butiken \u00e4r \u00f6ppen alla dagar \u00a0mellan &hellip;<\/p>\n<p class=\"read-more\"> <a class=\"\" href=\"https:\/\/bond-garden.se\/en\/gardsbutik\/\"> <span class=\"screen-reader-text\">Farm shop<\/span> Read More &raquo;<\/a><\/p>","protected":false},"author":1,"featured_media":0,"parent":0,"menu_order":0,"comment_status":"closed","ping_status":"closed","template":"","meta":{"footnotes":""},"class_list":["post-723","page","type-page","status-publish","hentry"],"_links":{"self":[{"href":"https:\/\/bond-garden.se\/en\/wp-json\/wp\/v2\/pages\/723","targetHints":{"allow":["GET"]}}],"collection":[{"href":"https:\/\/bond-garden.se\/en\/wp-json\/wp\/v2\/pages"}],"about":[{"href":"https:\/\/bond-garden.se\/en\/wp-json\/wp\/v2\/types\/page"}],"author":[{"embeddable":true,"href":"https:\/\/bond-garden.se\/en\/wp-json\/wp\/v2\/users\/1"}],"replies":[{"embeddable":true,"href":"https:\/\/bond-garden.se\/en\/wp-json\/wp\/v2\/comments?post=723"}],"version-history":[{"count":5,"href":"https:\/\/bond-garden.se\/en\/wp-json\/wp\/v2\/pages\/723\/revisions"}],"predecessor-version":[{"id":733,"href":"https:\/\/bond-garden.se\/en\/wp-json\/wp\/v2\/pages\/723\/revisions\/733"}],"wp:attachment":[{"href":"https:\/\/bond-garden.se\/en\/wp-json\/wp\/v2\/media?parent=723"}],"curies":[{"name":"wp","href":"https:\/\/api.w.org\/{rel}","templated":true}]}}